{"id":18494,"date":"2025-04-10T14:25:51","date_gmt":"2025-04-10T14:25:51","guid":{"rendered":"https:\/\/thecats.pt\/?post_type=product&#038;p=18494"},"modified":"2025-08-28T15:38:53","modified_gmt":"2025-08-28T15:38:53","slug":"rollups","status":"publish","type":"product","link":"https:\/\/thecats.pt\/?product=rollups","title":{"rendered":"Roll&#8217;ups"},"content":{"rendered":"<p>Se precisas de impacto visual num espa\u00e7o reduzido, os roll-ups s\u00e3o a escolha certa. Na Spammm criamos roll-ups personalizados com design atrativo, mensagens claras e impress\u00e3o de qualidade. S\u00e3o leves, f\u00e1ceis de montar e transportar, ideais para feiras, showrooms, pontos de venda ou at\u00e9 para o teu escrit\u00f3rio. Pensamos em tudo: desde o layout ao acabamento final, para que a tua marca se destaque sem esfor\u00e7o. Visibilidade garantida, onde quer que estejas.<\/p>\n","protected":false},"excerpt":{"rendered":"<p>Roll-ups que chamam a aten\u00e7\u00e3o e falam pela tua marca \u2014 prontos a destacar-te em feiras, eventos ou no dia a dia do neg\u00f3cio.<\/p>\n","protected":false},"featured_media":18495,"template":"","meta":[],"product_brand":[97],"product_cat":[224,179],"product_tag":[],"class_list":{"0":"post-18494","1":"product","2":"type-product","3":"status-publish","4":"has-post-thumbnail","6":"product_brand-the-cats","7":"product_cat-displays","8":"product_cat-marketing","10":"first","11":"instock","12":"taxable","13":"shipping-taxable","14":"product-type-simple","15":"ebbe-col","16":"product-has-gallery"},"_links":{"self":[{"href":"https:\/\/thecats.pt\/index.php?rest_route=\/wp\/v2\/product\/18494","targetHints":{"allow":["GET"]}}],"collection":[{"href":"https:\/\/thecats.pt\/index.php?rest_route=\/wp\/v2\/product"}],"about":[{"href":"https:\/\/thecats.pt\/index.php?rest_route=\/wp\/v2\/types\/product"}],"version-history":[{"count":0,"href":"https:\/\/thecats.pt\/index.php?rest_route=\/wp\/v2\/product\/18494\/revisions"}],"wp:featuredmedia":[{"embeddable":true,"href":"https:\/\/thecats.pt\/index.php?rest_route=\/wp\/v2\/media\/18495"}],"wp:attachment":[{"href":"https:\/\/thecats.pt\/index.php?rest_route=%2Fwp%2Fv2%2Fmedia&parent=18494"}],"wp:term":[{"taxonomy":"product_brand","embeddable":true,"href":"https:\/\/thecats.pt\/index.php?rest_route=%2Fwp%2Fv2%2Fproduct_brand&post=18494"},{"taxonomy":"product_cat","embeddable":true,"href":"https:\/\/thecats.pt\/index.php?rest_route=%2Fwp%2Fv2%2Fproduct_cat&post=18494"},{"taxonomy":"product_tag","embeddable":true,"href":"https:\/\/thecats.pt\/index.php?rest_route=%2Fwp%2Fv2%2Fproduct_tag&post=18494"}],"curies":[{"name":"wp","href":"https:\/\/api.w.org\/{rel}","templated":true}]}}